{"id":21,"date":"2026-04-15T15:29:44","date_gmt":"2026-04-15T13:29:44","guid":{"rendered":"https:\/\/lavieestuncollage.fr\/index.php\/about-14\/"},"modified":"2026-04-15T16:46:52","modified_gmt":"2026-04-15T14:46:52","slug":"a-propos","status":"publish","type":"page","link":"https:\/\/lavieestuncollage.fr\/index.php\/a-propos\/","title":{"rendered":"A propos"},"content":{"rendered":"\n<p>Croqueuse de vie enthousiaste, aux multiples casquettes et centres d&#8217;int\u00e9r\u00eat, j&#8217;ai pour philosophie de vie : &#8220;Apprendre, Cr\u00e9er, Partager, Echanger&#8230; et recommencer !&#8221; <br><br>S&#8217;il y a un fil conducteur dans mon existence, c&#8217;est bien celui-l\u00e0! <br>La curiosit\u00e9 est mon plus beau d\u00e9faut, la cr\u00e9ativit\u00e9, le carburant (\u00e9colo !) de mes journ\u00e9es, et la relation humaine&#8230; la raison pour laquelle je me l\u00e8ve, en joie, tous les matins. <br>Qu&#8217;on m&#8217;enl\u00e8ve les gens autour de moi et je m&#8217;\u00e9teins. #teamextravertie<\/p>\n\n\n\n<p>C&#8217;est -parfois- le chaos (<em>ok, souvent !<\/em>) mais c&#8217;est ainsi que j&#8217;aime la vie : bien remplie, intense, passionnante.<\/p>\n\n\n\n<p>Je te souhaite la bienvenue sur mon blog !<\/p>\n\n\n\n<p>Sofia<\/p>\n","protected":false},"excerpt":{"rendered":"<p>Croqueuse de vie enthousiaste, aux multiples casquettes et centres d&#8217;int\u00e9r\u00eat, j&#8217;ai pour philosophie de vie : &#8220;Apprendre, Cr\u00e9er, Partager, Echanger&#8230; et recommencer !&#8221; S&#8217;il y a un fil conducteur dans mon existence, c&#8217;est bien celui-l\u00e0! La curiosit\u00e9 est mon plus beau d\u00e9faut, la cr\u00e9ativit\u00e9, le carburant (\u00e9colo !) de mes journ\u00e9es, et la relation humaine&#8230; la raison pour laquelle je me l\u00e8ve, en joie, tous les matins. Qu&#8217;on m&#8217;enl\u00e8ve les gens autour de moi et je m&#8217;\u00e9teins. #teamextravertie C&#8217;est -parfois- le chaos (ok, souvent !) mais c&#8217;est ainsi que j&#8217;aime la vie : bien remplie, intense, passionnante. Je te souhaite la bienvenue sur mon blog ! Sofia<\/p>\n","protected":false},"author":1,"featured_media":0,"parent":0,"menu_order":0,"comment_status":"closed","ping_status":"closed","template":"","meta":{"footnotes":""},"class_list":["post-21","page","type-page","status-publish","hentry"],"_links":{"self":[{"href":"https:\/\/lavieestuncollage.fr\/index.php\/wp-json\/wp\/v2\/pages\/21","targetHints":{"allow":["GET"]}}],"collection":[{"href":"https:\/\/lavieestuncollage.fr\/index.php\/wp-json\/wp\/v2\/pages"}],"about":[{"href":"https:\/\/lavieestuncollage.fr\/index.php\/wp-json\/wp\/v2\/types\/page"}],"author":[{"embeddable":true,"href":"https:\/\/lavieestuncollage.fr\/index.php\/wp-json\/wp\/v2\/users\/1"}],"replies":[{"embeddable":true,"href":"https:\/\/lavieestuncollage.fr\/index.php\/wp-json\/wp\/v2\/comments?post=21"}],"version-history":[{"count":3,"href":"https:\/\/lavieestuncollage.fr\/index.php\/wp-json\/wp\/v2\/pages\/21\/revisions"}],"predecessor-version":[{"id":54,"href":"https:\/\/lavieestuncollage.fr\/index.php\/wp-json\/wp\/v2\/pages\/21\/revisions\/54"}],"wp:attachment":[{"href":"https:\/\/lavieestuncollage.fr\/index.php\/wp-json\/wp\/v2\/media?parent=21"}],"curies":[{"name":"wp","href":"https:\/\/api.w.org\/{rel}","templated":true}]}}